{"id":18,"date":"2022-02-23T17:55:21","date_gmt":"2022-02-23T16:55:21","guid":{"rendered":"https:\/\/webentwicklung-hess.com\/werthwein-2022\/buerofuchs\/?page_id=18"},"modified":"2022-03-08T11:42:19","modified_gmt":"2022-03-08T10:42:19","slug":"ihre-vorteile","status":"publish","type":"page","link":"https:\/\/werthwein-gbr.de\/schreibfuchs\/ihre-vorteile\/","title":{"rendered":"Ihre Vorteile"},"content":{"rendered":"<style>#kt-layout-id_d4a283-0f > .kt-row-column-wrap{align-content:start;}:where(#kt-layout-id_d4a283-0f > .kt-row-column-wrap) > .wp-block-kadence-column{justify-content:start;}#kt-layout-id_d4a283-0f > .kt-row-column-wrap{column-gap:var(--global-kb-gap-md, 2rem);row-gap:var(--global-kb-gap-md, 2rem);padding-top:var( --global-kb-row-default-top, 25px );padding-bottom:var( --global-kb-row-default-bottom, 25px );padding-top:40px;padding-bottom:0px;grid-template-columns:minmax(0, 1fr);}#kt-layout-id_d4a283-0f > .kt-row-layout-overlay{opacity:0.30;}@media all and (max-width: 1024px){#kt-layout-id_d4a283-0f > .kt-row-column-wrap{grid-template-columns:minmax(0, 1fr);}}@media all and (max-width: 767px){#kt-layout-id_d4a283-0f > .kt-row-column-wrap{grid-template-columns:minmax(0, 1fr);}}<\/style>\n<div class=\"wp-block-kadence-rowlayout alignnone\"><div id=\"kt-layout-id_d4a283-0f\" class=\"kt-row-layout-inner kt-layout-id_d4a283-0f\"><div class=\"kt-row-column-wrap kt-has-1-columns kt-gutter-default kt-v-gutter-default kt-row-valign-top kt-row-layout-equal kt-tab-layout-inherit kt-m-colapse-left-to-right kt-mobile-layout-row\"><style>.kadence-column_8324d9-c9 > .kt-inside-inner-col{border-top-width:0px;border-right-width:0px;border-bottom-width:0px;border-left-width:0px;}.kadence-column_8324d9-c9 > .kt-inside-inner-col,.kadence-column_8324d9-c9 > .kt-inside-inner-col:before{border-top-left-radius:0px;border-top-right-radius:0px;border-bottom-right-radius:0px;border-bottom-left-radius:0px;}.kadence-column_8324d9-c9 > .kt-inside-inner-col{column-gap:var(--global-kb-gap-sm, 1rem);}.kadence-column_8324d9-c9 > .kt-inside-inner-col{flex-direction:column;}.kadence-column_8324d9-c9 > .kt-inside-inner-col > .aligncenter{width:100%;}.kadence-column_8324d9-c9 > .kt-inside-inner-col:before{opacity:0.3;}.kadence-column_8324d9-c9{position:relative;}@media all and (max-width: 1024px){.kadence-column_8324d9-c9 > .kt-inside-inner-col{flex-direction:column;justify-content:center;}}@media all and (max-width: 767px){.kadence-column_8324d9-c9 > .kt-inside-inner-col{flex-direction:column;justify-content:center;}}<\/style>\n<div class=\"wp-block-kadence-column inner-column-1 kadence-column_8324d9-c9\"><div class=\"kt-inside-inner-col\"><style>.wp-block-kadence-advancedheading.kt-adv-heading_20b0c9-64, .wp-block-kadence-advancedheading.kt-adv-heading_20b0c9-64[data-kb-block=\"kb-adv-heading_20b0c9-64\"]{font-style:normal;}.wp-block-kadence-advancedheading.kt-adv-heading_20b0c9-64 mark.kt-highlight, .wp-block-kadence-advancedheading.kt-adv-heading_20b0c9-64[data-kb-block=\"kb-adv-heading_20b0c9-64\"] mark.kt-highlight{font-style:normal;color:#f76a0c;-webkit-box-decoration-break:clone;box-decoration-break:clone;padding-top:0px;padding-right:0px;padding-bottom:0px;padding-left:0px;}.wp-block-kadence-advancedheading.kt-adv-heading_20b0c9-64 img.kb-inline-image, .wp-block-kadence-advancedheading.kt-adv-heading_20b0c9-64[data-kb-block=\"kb-adv-heading_20b0c9-64\"] img.kb-inline-image{width:150px;vertical-align:baseline;}<\/style>\n<h2 class=\"kt-adv-heading_20b0c9-64 wp-block-kadence-advancedheading\" data-kb-block=\"kb-adv-heading_20b0c9-64\">Ihre Vorteile<\/h2>\n<\/div><\/div>\n<\/div><\/div><\/div>\n\n\n<style>#kt-layout-id_8bcfb0-88 > .kt-row-column-wrap{align-content:start;}:where(#kt-layout-id_8bcfb0-88 > .kt-row-column-wrap) > .wp-block-kadence-column{justify-content:start;}#kt-layout-id_8bcfb0-88 > .kt-row-column-wrap{column-gap:var(--global-kb-gap-md, 2rem);row-gap:var(--global-kb-gap-md, 2rem);padding-top:var( --global-kb-row-default-top, 25px );padding-bottom:var( --global-kb-row-default-bottom, 25px );padding-top:var(--global-kb-spacing-sm, 1.5rem);padding-bottom:var(--global-kb-spacing-sm, 1.5rem);grid-template-columns:minmax(0, 1fr);}#kt-layout-id_8bcfb0-88 > .kt-row-layout-overlay{opacity:0.30;}@media all and (max-width: 1024px){#kt-layout-id_8bcfb0-88 > .kt-row-column-wrap{grid-template-columns:minmax(0, 1fr);}}@media all and (max-width: 767px){#kt-layout-id_8bcfb0-88 > .kt-row-column-wrap{grid-template-columns:minmax(0, 1fr);}}<\/style>\n<div class=\"wp-block-kadence-rowlayout alignnone\"><div id=\"kt-layout-id_8bcfb0-88\" class=\"kt-row-layout-inner kt-layout-id_8bcfb0-88\"><div class=\"kt-row-column-wrap kt-has-1-columns kt-gutter-default kt-v-gutter-default kt-row-valign-top kt-row-layout-equal kt-tab-layout-inherit kt-m-colapse-left-to-right kt-mobile-layout-row\"><style>.kadence-column_dd033e-12 > .kt-inside-inner-col{border-top-width:0px;border-right-width:0px;border-bottom-width:0px;border-left-width:0px;}.kadence-column_dd033e-12 > .kt-inside-inner-col,.kadence-column_dd033e-12 > .kt-inside-inner-col:before{border-top-left-radius:0px;border-top-right-radius:0px;border-bottom-right-radius:0px;border-bottom-left-radius:0px;}.kadence-column_dd033e-12 > .kt-inside-inner-col{column-gap:var(--global-kb-gap-sm, 1rem);}.kadence-column_dd033e-12 > .kt-inside-inner-col{flex-direction:column;}.kadence-column_dd033e-12 > .kt-inside-inner-col > .aligncenter{width:100%;}.kadence-column_dd033e-12 > .kt-inside-inner-col:before{opacity:0.3;}.kadence-column_dd033e-12{position:relative;}@media all and (max-width: 1024px){.kadence-column_dd033e-12 > .kt-inside-inner-col{flex-direction:column;justify-content:center;}}@media all and (max-width: 767px){.kadence-column_dd033e-12 > .kt-inside-inner-col{flex-direction:column;justify-content:center;}}<\/style>\n<div class=\"wp-block-kadence-column inner-column-1 kadence-column_dd033e-12\"><div class=\"kt-inside-inner-col\">\n<p>Mit Ihrem&nbsp;<strong>\u201eB\u00fcro nach Ma\u00df\u201c&nbsp;<\/strong>schlie\u00dft die Werthwein-GbR eine Marktl\u00fccke. Den Firmen und Betrieben in den Landkreisen Heilbronn, Hohenlohe, Schw\u00e4bisch Hall, Main-Tauber und Mittelfranken (BY) steht ein Partner mit qualifizierten Servicedienstleistungen rund ums B\u00fcro \/ Sekretariat zur Seite.<\/p>\n\n\n\n<p><strong>Der Clou \u2013&nbsp;<\/strong>diesen Service erhalten Sie auch au\u00dferhalb der \u00fcblichen B\u00fcrozeiten sowie nach Absprache auch am Wochenende.&nbsp;<\/p>\n\n\n\n<p><strong>&#8222;B\u00fcro nach Ma\u00df&#8220;<\/strong><\/p>\n\n\n\n<ul class=\"wp-block-list\"><li><strong>Kompetenz &#8211;&nbsp;<\/strong>in fachlicher, aber auch menschlicher Hinsicht<\/li><li><strong>Flexibilit\u00e4t &#8211;&nbsp;<\/strong>schnelle Hilfe, auch vor Ort, z.B. im Urlaubs- oder Krankheitsfall<\/li><li><strong>Transparenz &#8211;&nbsp;<\/strong>klare Kostenstruktur, unser Einsatz ist im Vorfeld kalkulierbar<\/li><li><strong>Individuell &#8211;&nbsp;<\/strong>stellen wir uns auf ihre Bed\u00fcrfnisse ein<\/li><li><strong>Vielseitig &#8211;&nbsp;<\/strong>w\u00e4hlen sie aus unserem Portfolio was sie ben\u00f6tigen<\/li><li><strong>Innovativ &#8211;&nbsp;<\/strong>durch st\u00e4ndige Weiterbildung bleiben wir am Ball<\/li><\/ul>\n<\/div><\/div>\n<\/div><\/div><\/div>\n","protected":false},"excerpt":{"rendered":"<p>Ihre Vorteile Mit Ihrem&nbsp;\u201eB\u00fcro nach Ma\u00df\u201c&nbsp;schlie\u00dft die Werthwein-GbR eine Marktl\u00fccke. Den Firmen und Betrieben in den Landkreisen Heilbronn, Hohenlohe, Schw\u00e4bisch Hall, Main-Tauber und Mittelfranken (BY) steht ein Partner mit qualifizierten Servicedienstleistungen rund ums B\u00fcro \/ Sekretariat zur Seite. Der Clou \u2013&nbsp;diesen Service erhalten Sie auch au\u00dferhalb der \u00fcblichen B\u00fcrozeiten sowie nach Absprache auch am Wochenende.&nbsp;&#8230;<\/p>\n","protected":false},"author":1,"featured_media":0,"parent":0,"menu_order":11,"comment_status":"closed","ping_status":"closed","template":"","meta":{"_acf_changed":false,"_uag_custom_page_level_css":"","_kad_blocks_custom_css":"","_kad_blocks_head_custom_js":"","_kad_blocks_body_custom_js":"","_kad_blocks_footer_custom_js":"","_kad_post_transparent":"","_kad_post_title":"","_kad_post_layout":"","_kad_post_sidebar_id":"","_kad_post_content_style":"","_kad_post_vertical_padding":"","_kad_post_feature":"","_kad_post_feature_position":"","_kad_post_header":false,"_kad_post_footer":false,"_kad_post_classname":"","footnotes":""},"class_list":["post-18","page","type-page","status-publish","hentry"],"acf":[],"taxonomy_info":[],"featured_image_src_large":false,"author_info":{"display_name":"","author_link":"https:\/\/werthwein-gbr.de\/schreibfuchs\/author\/"},"comment_info":0,"uagb_featured_image_src":{"full":false,"thumbnail":false,"medium":false,"medium_large":false,"large":false,"1536x1536":false,"2048x2048":false,"gform-image-choice-sm":false,"gform-image-choice-md":false,"gform-image-choice-lg":false},"uagb_author_info":{"display_name":"","author_link":"https:\/\/werthwein-gbr.de\/schreibfuchs\/author\/"},"uagb_comment_info":0,"uagb_excerpt":"Ihre Vorteile Mit Ihrem&nbsp;\u201eB\u00fcro nach Ma\u00df\u201c&nbsp;schlie\u00dft die Werthwein-GbR eine Marktl\u00fccke. Den Firmen und Betrieben in den Landkreisen Heilbronn, Hohenlohe, Schw\u00e4bisch Hall, Main-Tauber und Mittelfranken (BY) steht ein Partner mit qualifizierten Servicedienstleistungen rund ums B\u00fcro \/ Sekretariat zur Seite. Der Clou \u2013&nbsp;diesen Service erhalten Sie auch au\u00dferhalb der \u00fcblichen B\u00fcrozeiten sowie nach Absprache auch am Wochenende.&nbsp;...","_links":{"self":[{"href":"https:\/\/werthwein-gbr.de\/schreibfuchs\/wp-json\/wp\/v2\/pages\/18","targetHints":{"allow":["GET"]}}],"collection":[{"href":"https:\/\/werthwein-gbr.de\/schreibfuchs\/wp-json\/wp\/v2\/pages"}],"about":[{"href":"https:\/\/werthwein-gbr.de\/schreibfuchs\/wp-json\/wp\/v2\/types\/page"}],"author":[{"embeddable":true,"href":"https:\/\/werthwein-gbr.de\/schreibfuchs\/wp-json\/wp\/v2\/users\/1"}],"replies":[{"embeddable":true,"href":"https:\/\/werthwein-gbr.de\/schreibfuchs\/wp-json\/wp\/v2\/comments?post=18"}],"version-history":[{"count":0,"href":"https:\/\/werthwein-gbr.de\/schreibfuchs\/wp-json\/wp\/v2\/pages\/18\/revisions"}],"wp:attachment":[{"href":"https:\/\/werthwein-gbr.de\/schreibfuchs\/wp-json\/wp\/v2\/media?parent=18"}],"curies":[{"name":"wp","href":"https:\/\/api.w.org\/{rel}","templated":true}]}}