{"id":14,"date":"2022-02-23T17:54:44","date_gmt":"2022-02-23T16:54:44","guid":{"rendered":"https:\/\/webentwicklung-hess.com\/werthwein-2022\/buerofuchs\/?page_id=14"},"modified":"2022-05-12T11:24:06","modified_gmt":"2022-05-12T09:24:06","slug":"konzept","status":"publish","type":"page","link":"https:\/\/werthwein-gbr.de\/schreibfuchs\/konzept\/","title":{"rendered":"Konzept"},"content":{"rendered":"<style>#kt-layout-id_a5ba13-3e > .kt-row-column-wrap{align-content:start;}:where(#kt-layout-id_a5ba13-3e > .kt-row-column-wrap) > .wp-block-kadence-column{justify-content:start;}#kt-layout-id_a5ba13-3e > .kt-row-column-wrap{column-gap:var(--global-kb-gap-md, 2rem);row-gap:var(--global-kb-gap-md, 2rem);padding-top:var( --global-kb-row-default-top, 25px );padding-bottom:var( --global-kb-row-default-bottom, 25px );padding-top:40px;padding-bottom:0px;grid-template-columns:minmax(0, 1fr);}#kt-layout-id_a5ba13-3e > .kt-row-layout-overlay{opacity:0.30;}@media all and (max-width: 1024px){#kt-layout-id_a5ba13-3e > .kt-row-column-wrap{grid-template-columns:minmax(0, 1fr);}}@media all and (max-width: 767px){#kt-layout-id_a5ba13-3e > .kt-row-column-wrap{grid-template-columns:minmax(0, 1fr);}}<\/style>\n<div class=\"wp-block-kadence-rowlayout alignnone\"><div id=\"kt-layout-id_a5ba13-3e\" class=\"kt-row-layout-inner kt-layout-id_a5ba13-3e\"><div class=\"kt-row-column-wrap kt-has-1-columns kt-gutter-default kt-v-gutter-default kt-row-valign-top kt-row-layout-equal kt-tab-layout-inherit kt-m-colapse-left-to-right kt-mobile-layout-row\"><style>.kadence-column_c89b94-c5 > .kt-inside-inner-col{border-top-width:0px;border-right-width:0px;border-bottom-width:0px;border-left-width:0px;}.kadence-column_c89b94-c5 > .kt-inside-inner-col,.kadence-column_c89b94-c5 > .kt-inside-inner-col:before{border-top-left-radius:0px;border-top-right-radius:0px;border-bottom-right-radius:0px;border-bottom-left-radius:0px;}.kadence-column_c89b94-c5 > .kt-inside-inner-col{column-gap:var(--global-kb-gap-sm, 1rem);}.kadence-column_c89b94-c5 > .kt-inside-inner-col{flex-direction:column;}.kadence-column_c89b94-c5 > .kt-inside-inner-col > .aligncenter{width:100%;}.kadence-column_c89b94-c5 > .kt-inside-inner-col:before{opacity:0.3;}.kadence-column_c89b94-c5{position:relative;}@media all and (max-width: 1024px){.kadence-column_c89b94-c5 > .kt-inside-inner-col{flex-direction:column;justify-content:center;}}@media all and (max-width: 767px){.kadence-column_c89b94-c5 > .kt-inside-inner-col{flex-direction:column;justify-content:center;}}<\/style>\n<div class=\"wp-block-kadence-column inner-column-1 kadence-column_c89b94-c5\"><div class=\"kt-inside-inner-col\"><style>.wp-block-kadence-advancedheading.kt-adv-heading_486768-96, .wp-block-kadence-advancedheading.kt-adv-heading_486768-96[data-kb-block=\"kb-adv-heading_486768-96\"]{font-size:50px;font-style:normal;}.wp-block-kadence-advancedheading.kt-adv-heading_486768-96 mark.kt-highlight, .wp-block-kadence-advancedheading.kt-adv-heading_486768-96[data-kb-block=\"kb-adv-heading_486768-96\"] mark.kt-highlight{font-style:normal;color:#f76a0c;-webkit-box-decoration-break:clone;box-decoration-break:clone;padding-top:0px;padding-right:0px;padding-bottom:0px;padding-left:0px;}.wp-block-kadence-advancedheading.kt-adv-heading_486768-96 img.kb-inline-image, .wp-block-kadence-advancedheading.kt-adv-heading_486768-96[data-kb-block=\"kb-adv-heading_486768-96\"] img.kb-inline-image{width:150px;vertical-align:baseline;}@media all and (max-width: 1024px){.wp-block-kadence-advancedheading.kt-adv-heading_486768-96, .wp-block-kadence-advancedheading.kt-adv-heading_486768-96[data-kb-block=\"kb-adv-heading_486768-96\"]{font-size:50px;}}@media all and (max-width: 767px){.wp-block-kadence-advancedheading.kt-adv-heading_486768-96, .wp-block-kadence-advancedheading.kt-adv-heading_486768-96[data-kb-block=\"kb-adv-heading_486768-96\"]{font-size:40px;}}<\/style>\n<h2 class=\"kt-adv-heading_486768-96 wp-block-kadence-advancedheading has-theme-palette-1-color has-text-color\" data-kb-block=\"kb-adv-heading_486768-96\">B\u00fcro nach Ma\u00df<\/h2>\n<\/div><\/div>\n<\/div><\/div><\/div>\n\n\n<style>#kt-layout-id_2b8648-2d > .kt-row-column-wrap{align-content:start;}:where(#kt-layout-id_2b8648-2d > .kt-row-column-wrap) > .wp-block-kadence-column{justify-content:start;}#kt-layout-id_2b8648-2d > .kt-row-column-wrap{column-gap:var(--global-kb-gap-md, 2rem);row-gap:var(--global-kb-gap-md, 2rem);padding-top:var( --global-kb-row-default-top, 25px );padding-bottom:var( --global-kb-row-default-bottom, 25px );padding-top:0px;grid-template-columns:minmax(0, 2fr) minmax(0, 1fr);}#kt-layout-id_2b8648-2d > .kt-row-layout-overlay{opacity:0.30;}@media all and (max-width: 1024px){#kt-layout-id_2b8648-2d > .kt-row-column-wrap{grid-template-columns:minmax(0, 2fr) minmax(0, 1fr);}}@media all and (max-width: 767px){#kt-layout-id_2b8648-2d > .kt-row-column-wrap{grid-template-columns:minmax(0, 1fr);}#kt-layout-id_2b8648-2d > .kt-row-column-wrap > .wp-block-kadence-column:nth-child(1 of *:not(style)){order:2;}#kt-layout-id_2b8648-2d > .kt-row-column-wrap > .wp-block-kadence-column:nth-child(2 of *:not(style)){order:1;}#kt-layout-id_2b8648-2d > .kt-row-column-wrap > .wp-block-kadence-column:nth-child(3 of *:not(style)){order:12;}#kt-layout-id_2b8648-2d > .kt-row-column-wrap > .wp-block-kadence-column:nth-child(4 of *:not(style)){order:11;}#kt-layout-id_2b8648-2d > .kt-row-column-wrap > .wp-block-kadence-column:nth-child(5 of *:not(style)){order:22;}#kt-layout-id_2b8648-2d > .kt-row-column-wrap > .wp-block-kadence-column:nth-child(6 of *:not(style)){order:21;}#kt-layout-id_2b8648-2d > .kt-row-column-wrap > .wp-block-kadence-column:nth-child(7 of *:not(style)){order:32;}#kt-layout-id_2b8648-2d > .kt-row-column-wrap > .wp-block-kadence-column:nth-child(8 of *:not(style)){order:31;}}<\/style>\n<div class=\"wp-block-kadence-rowlayout alignnone\"><div id=\"kt-layout-id_2b8648-2d\" class=\"kt-row-layout-inner kt-layout-id_2b8648-2d\"><div class=\"kt-row-column-wrap kt-has-2-columns kt-gutter-default kt-v-gutter-default kt-row-valign-top kt-row-layout-left-golden kt-tab-layout-inherit kt-m-colapse-right-to-left kt-mobile-layout-row\"><style>.kadence-column_a86e56-61 > .kt-inside-inner-col{border-top-width:0px;border-right-width:0px;border-bottom-width:0px;border-left-width:0px;}.kadence-column_a86e56-61 > .kt-inside-inner-col,.kadence-column_a86e56-61 > .kt-inside-inner-col:before{border-top-left-radius:0px;border-top-right-radius:0px;border-bottom-right-radius:0px;border-bottom-left-radius:0px;}.kadence-column_a86e56-61 > .kt-inside-inner-col{column-gap:var(--global-kb-gap-sm, 1rem);}.kadence-column_a86e56-61 > .kt-inside-inner-col{flex-direction:column;}.kadence-column_a86e56-61 > .kt-inside-inner-col > .aligncenter{width:100%;}.kadence-column_a86e56-61 > .kt-inside-inner-col:before{opacity:0.3;}.kadence-column_a86e56-61{position:relative;}@media all and (max-width: 1024px){.kadence-column_a86e56-61 > .kt-inside-inner-col{flex-direction:column;justify-content:center;}}@media all and (max-width: 767px){.kadence-column_a86e56-61 > .kt-inside-inner-col{flex-direction:column;justify-content:center;}}<\/style>\n<div class=\"wp-block-kadence-column inner-column-1 kadence-column_a86e56-61\"><div class=\"kt-inside-inner-col\"><style>.wp-block-kadence-advancedheading.kt-adv-heading_715b8c-92, .wp-block-kadence-advancedheading.kt-adv-heading_715b8c-92[data-kb-block=\"kb-adv-heading_715b8c-92\"]{padding-top:10px;font-style:normal;}.wp-block-kadence-advancedheading.kt-adv-heading_715b8c-92 mark.kt-highlight, .wp-block-kadence-advancedheading.kt-adv-heading_715b8c-92[data-kb-block=\"kb-adv-heading_715b8c-92\"] mark.kt-highlight{font-style:normal;color:#f76a0c;-webkit-box-decoration-break:clone;box-decoration-break:clone;padding-top:0px;padding-right:0px;padding-bottom:0px;padding-left:0px;}.wp-block-kadence-advancedheading.kt-adv-heading_715b8c-92 img.kb-inline-image, .wp-block-kadence-advancedheading.kt-adv-heading_715b8c-92[data-kb-block=\"kb-adv-heading_715b8c-92\"] img.kb-inline-image{width:150px;vertical-align:baseline;}<\/style>\n<p class=\"kt-adv-heading_715b8c-92 wp-block-kadence-advancedheading\" data-kb-block=\"kb-adv-heading_715b8c-92\">Unsere B\u00fcroagentur ist ein eingef\u00fchrtes und weiter aufstrebendes Unternehmen mit mehreren Gesch\u00e4ftszweigen. Wir bieten Ihnen einen qualifizierten Service rund um Ihren B\u00fcroalltag mit moderner und leistungsf\u00e4higer Kommunikationstechnik.&nbsp;<\/p>\n\n\n\n<p>Unser &#8222;B\u00fcro nach Ma\u00df\u201c steht Ihnen sowohl f\u00fcr Projekte als auch stunden- oder tageweise zur Verf\u00fcgung.&nbsp;<\/p>\n\n\n\n<p>Gerade Jungunternehmer, Existenzgr\u00fcnder, Handwerker, Klein- und Mittelst\u00e4ndige Unternehmen sowie Gastronomiebetriebe wissen diesen Service zu sch\u00e4tzen.&nbsp;<\/p>\n\n\n\n<p>Aber auch f\u00fcr Freiberufler, Beh\u00f6rden und Institutionen sowie f\u00fcr&nbsp;<strong>Privatpersonen (<a href=\"https:\/\/werthwein-gbr.de\/buerofuchs\/buergerservice\/\">B\u00fcrgerservice<\/a>)<\/strong>, Sch\u00fcler und Studenten bieten wir gerne unsere Leistungen an.&nbsp;<\/p>\n\n\n\n<p>Fordern Sie uns &#8211; konzentrieren Sie sich auf Ihr Kerngesch\u00e4ft um Ihren beruflichen und gesch\u00e4ftlichen Erfolg zu st\u00e4rken.<\/p>\n<\/div><\/div>\n\n\n<style>.kadence-column_7c355c-47 > .kt-inside-inner-col{border-top-width:0px;border-right-width:0px;border-bottom-width:0px;border-left-width:0px;}.kadence-column_7c355c-47 > .kt-inside-inner-col,.kadence-column_7c355c-47 > .kt-inside-inner-col:before{border-top-left-radius:0px;border-top-right-radius:0px;border-bottom-right-radius:0px;border-bottom-left-radius:0px;}.kadence-column_7c355c-47 > .kt-inside-inner-col{column-gap:var(--global-kb-gap-sm, 1rem);}.kadence-column_7c355c-47 > .kt-inside-inner-col{flex-direction:column;}.kadence-column_7c355c-47 > .kt-inside-inner-col > .aligncenter{width:100%;}.kadence-column_7c355c-47 > .kt-inside-inner-col:before{opacity:0.3;}.kadence-column_7c355c-47{position:relative;}@media all and (max-width: 1024px){.kadence-column_7c355c-47 > .kt-inside-inner-col{flex-direction:column;justify-content:center;}}@media all and (max-width: 767px){.kadence-column_7c355c-47 > .kt-inside-inner-col{flex-direction:column;justify-content:center;}}<\/style>\n<div class=\"wp-block-kadence-column inner-column-2 kadence-column_7c355c-47\"><div class=\"kt-inside-inner-col\">\n<figure class=\"wp-block-image size-full is-style-default\"><img decoding=\"async\" width=\"600\" height=\"900\" src=\"https:\/\/werthwein-gbr.de\/buerofuchs\/wp-content\/uploads\/sites\/2\/2022\/05\/NZ60336-2_mitEinteilung.jpg\" alt=\"\" class=\"wp-image-475\" title=\"\" srcset=\"https:\/\/werthwein-gbr.de\/schreibfuchs\/wp-content\/uploads\/sites\/2\/2022\/05\/NZ60336-2_mitEinteilung.jpg 600w, https:\/\/werthwein-gbr.de\/schreibfuchs\/wp-content\/uploads\/sites\/2\/2022\/05\/NZ60336-2_mitEinteilung-200x300.jpg 200w\" sizes=\"(max-width: 600px) 100vw, 600px\" \/><\/figure>\n<\/div><\/div>\n<\/div><\/div><\/div>\n","protected":false},"excerpt":{"rendered":"<p>B\u00fcro nach Ma\u00df Unsere B\u00fcroagentur ist ein eingef\u00fchrtes und weiter aufstrebendes Unternehmen mit mehreren Gesch\u00e4ftszweigen. Wir bieten Ihnen einen qualifizierten Service rund um Ihren B\u00fcroalltag mit moderner und leistungsf\u00e4higer Kommunikationstechnik.&nbsp; Unser &#8222;B\u00fcro nach Ma\u00df\u201c steht Ihnen sowohl f\u00fcr Projekte als auch stunden- oder tageweise zur Verf\u00fcgung.&nbsp; Gerade Jungunternehmer, Existenzgr\u00fcnder, Handwerker, Klein- und Mittelst\u00e4ndige Unternehmen sowie&#8230;<\/p>\n","protected":false},"author":1,"featured_media":0,"parent":0,"menu_order":10,"comment_status":"closed","ping_status":"closed","template":"","meta":{"_acf_changed":false,"_uag_custom_page_level_css":"","_kad_blocks_custom_css":"","_kad_blocks_head_custom_js":"","_kad_blocks_body_custom_js":"","_kad_blocks_footer_custom_js":"","_kad_post_transparent":"","_kad_post_title":"","_kad_post_layout":"","_kad_post_sidebar_id":"","_kad_post_content_style":"","_kad_post_vertical_padding":"","_kad_post_feature":"","_kad_post_feature_position":"","_kad_post_header":false,"_kad_post_footer":false,"_kad_post_classname":"","footnotes":""},"class_list":["post-14","page","type-page","status-publish","hentry"],"acf":[],"taxonomy_info":[],"featured_image_src_large":false,"author_info":{"display_name":"","author_link":"https:\/\/werthwein-gbr.de\/schreibfuchs\/author\/"},"comment_info":0,"uagb_featured_image_src":{"full":false,"thumbnail":false,"medium":false,"medium_large":false,"large":false,"1536x1536":false,"2048x2048":false,"gform-image-choice-sm":false,"gform-image-choice-md":false,"gform-image-choice-lg":false},"uagb_author_info":{"display_name":"","author_link":"https:\/\/werthwein-gbr.de\/schreibfuchs\/author\/"},"uagb_comment_info":0,"uagb_excerpt":"B\u00fcro nach Ma\u00df Unsere B\u00fcroagentur ist ein eingef\u00fchrtes und weiter aufstrebendes Unternehmen mit mehreren Gesch\u00e4ftszweigen. Wir bieten Ihnen einen qualifizierten Service rund um Ihren B\u00fcroalltag mit moderner und leistungsf\u00e4higer Kommunikationstechnik.&nbsp; Unser &#8222;B\u00fcro nach Ma\u00df\u201c steht Ihnen sowohl f\u00fcr Projekte als auch stunden- oder tageweise zur Verf\u00fcgung.&nbsp; Gerade Jungunternehmer, Existenzgr\u00fcnder, Handwerker, Klein- und Mittelst\u00e4ndige Unternehmen sowie...","_links":{"self":[{"href":"https:\/\/werthwein-gbr.de\/schreibfuchs\/wp-json\/wp\/v2\/pages\/14","targetHints":{"allow":["GET"]}}],"collection":[{"href":"https:\/\/werthwein-gbr.de\/schreibfuchs\/wp-json\/wp\/v2\/pages"}],"about":[{"href":"https:\/\/werthwein-gbr.de\/schreibfuchs\/wp-json\/wp\/v2\/types\/page"}],"author":[{"embeddable":true,"href":"https:\/\/werthwein-gbr.de\/schreibfuchs\/wp-json\/wp\/v2\/users\/1"}],"replies":[{"embeddable":true,"href":"https:\/\/werthwein-gbr.de\/schreibfuchs\/wp-json\/wp\/v2\/comments?post=14"}],"version-history":[{"count":0,"href":"https:\/\/werthwein-gbr.de\/schreibfuchs\/wp-json\/wp\/v2\/pages\/14\/revisions"}],"wp:attachment":[{"href":"https:\/\/werthwein-gbr.de\/schreibfuchs\/wp-json\/wp\/v2\/media?parent=14"}],"curies":[{"name":"wp","href":"https:\/\/api.w.org\/{rel}","templated":true}]}}