{"id":134,"date":"2022-03-08T11:21:43","date_gmt":"2022-03-08T10:21:43","guid":{"rendered":"https:\/\/webentwicklung-hess.com\/werthwein-2022\/buerofuchs\/?page_id=134"},"modified":"2023-03-10T09:14:19","modified_gmt":"2023-03-10T08:14:19","slug":"lfd-finanzbuchhaltung","status":"publish","type":"page","link":"https:\/\/werthwein-gbr.de\/schreibfuchs\/lfd-finanzbuchhaltung\/","title":{"rendered":"Lfd. Finanzbuchhaltung"},"content":{"rendered":"<style>.kb-row-layout-id_fb2c45-e1 > .kt-row-column-wrap{align-content:start;}:where(.kb-row-layout-id_fb2c45-e1 > .kt-row-column-wrap) > .wp-block-kadence-column{justify-content:start;}.kb-row-layout-id_fb2c45-e1 > .kt-row-column-wrap{column-gap:var(--global-kb-gap-md, 2rem);row-gap:var(--global-kb-gap-md, 2rem);padding-top:40px;padding-bottom:0px;grid-template-columns:minmax(0, 1fr);}.kb-row-layout-id_fb2c45-e1 > .kt-row-layout-overlay{opacity:0.30;}@media all and (max-width: 1024px){.kb-row-layout-id_fb2c45-e1 > .kt-row-column-wrap{grid-template-columns:minmax(0, 1fr);}}@media all and (max-width: 767px){.kb-row-layout-id_fb2c45-e1 > .kt-row-column-wrap{grid-template-columns:minmax(0, 1fr);}}<\/style><div class=\"kb-row-layout-wrap kb-row-layout-id_fb2c45-e1 alignnone wp-block-kadence-rowlayout\"><div class=\"kt-row-column-wrap kt-has-1-columns kt-row-layout-equal kt-tab-layout-inherit kt-mobile-layout-row kt-row-valign-top\">\n<style>.kadence-column_31c7bb-21 > .kt-inside-inner-col,.kadence-column_31c7bb-21 > .kt-inside-inner-col:before{border-top-left-radius:0px;border-top-right-radius:0px;border-bottom-right-radius:0px;border-bottom-left-radius:0px;}.kadence-column_31c7bb-21 > .kt-inside-inner-col{column-gap:var(--global-kb-gap-sm, 1rem);}.kadence-column_31c7bb-21 > .kt-inside-inner-col{flex-direction:column;}.kadence-column_31c7bb-21 > .kt-inside-inner-col > .aligncenter{width:100%;}.kadence-column_31c7bb-21 > .kt-inside-inner-col:before{opacity:0.3;}.kadence-column_31c7bb-21{position:relative;}@media all and (max-width: 1024px){.kadence-column_31c7bb-21 > .kt-inside-inner-col{flex-direction:column;justify-content:center;}}@media all and (max-width: 767px){.kadence-column_31c7bb-21 > .kt-inside-inner-col{padding-bottom:0px;flex-direction:column;justify-content:center;}}<\/style>\n<div class=\"wp-block-kadence-column kadence-column_31c7bb-21 inner-column-1\"><div class=\"kt-inside-inner-col\"><style>.wp-block-kadence-advancedheading.kt-adv-heading_193053-dd, .wp-block-kadence-advancedheading.kt-adv-heading_193053-dd[data-kb-block=\"kb-adv-heading_193053-dd\"]{font-style:normal;}.wp-block-kadence-advancedheading.kt-adv-heading_193053-dd mark.kt-highlight, .wp-block-kadence-advancedheading.kt-adv-heading_193053-dd[data-kb-block=\"kb-adv-heading_193053-dd\"] mark.kt-highlight{font-style:normal;color:#f76a0c;-webkit-box-decoration-break:clone;box-decoration-break:clone;padding-top:0px;padding-right:0px;padding-bottom:0px;padding-left:0px;}.wp-block-kadence-advancedheading.kt-adv-heading_193053-dd img.kb-inline-image, .wp-block-kadence-advancedheading.kt-adv-heading_193053-dd[data-kb-block=\"kb-adv-heading_193053-dd\"] img.kb-inline-image{width:150px;vertical-align:baseline;}<\/style>\n<h2 class=\"kt-adv-heading_193053-dd wp-block-kadence-advancedheading\" data-kb-block=\"kb-adv-heading_193053-dd\">Lfd. Finanzbuchhaltung<\/h2>\n<\/div><\/div>\n\n<\/div><\/div>\n\n<style>.kb-row-layout-id_243754-fd > .kt-row-column-wrap{align-content:start;}:where(.kb-row-layout-id_243754-fd > .kt-row-column-wrap) > .wp-block-kadence-column{justify-content:start;}.kb-row-layout-id_243754-fd > .kt-row-column-wrap{column-gap:var(--global-kb-gap-md, 2rem);row-gap:var(--global-kb-gap-md, 2rem);padding-top:25px;padding-bottom:0px;grid-template-columns:minmax(0, 1fr);}.kb-row-layout-id_243754-fd > .kt-row-layout-overlay{opacity:0.30;}@media all and (max-width: 1024px){.kb-row-layout-id_243754-fd > .kt-row-column-wrap{grid-template-columns:minmax(0, 1fr);}}@media all and (max-width: 767px){.kb-row-layout-id_243754-fd > .kt-row-column-wrap{grid-template-columns:minmax(0, 1fr);}}<\/style><div class=\"kb-row-layout-wrap kb-row-layout-id_243754-fd alignnone wp-block-kadence-rowlayout\"><div class=\"kt-row-column-wrap kt-has-1-columns kt-row-layout-equal kt-tab-layout-inherit kt-mobile-layout-row kt-row-valign-top\">\n<style>.kadence-column_122758-a5 > .kt-inside-inner-col,.kadence-column_122758-a5 > .kt-inside-inner-col:before{border-top-left-radius:0px;border-top-right-radius:0px;border-bottom-right-radius:0px;border-bottom-left-radius:0px;}.kadence-column_122758-a5 > .kt-inside-inner-col{column-gap:var(--global-kb-gap-sm, 1rem);}.kadence-column_122758-a5 > .kt-inside-inner-col{flex-direction:column;}.kadence-column_122758-a5 > .kt-inside-inner-col > .aligncenter{width:100%;}.kadence-column_122758-a5 > .kt-inside-inner-col:before{opacity:0.3;}.kadence-column_122758-a5{position:relative;}@media all and (max-width: 1024px){.kadence-column_122758-a5 > .kt-inside-inner-col{flex-direction:column;justify-content:center;}}@media all and (max-width: 767px){.kadence-column_122758-a5 > .kt-inside-inner-col{flex-direction:column;justify-content:center;}}<\/style>\n<div class=\"wp-block-kadence-column kadence-column_122758-a5 inner-column-1\"><div class=\"kt-inside-inner-col\">\n<ul class=\"wp-block-list\">\n<li>Sortieren und Ordnen Ihrer Unterlagen<\/li>\n\n\n\n<li>Kontieren der Belege<\/li>\n\n\n\n<li>Verbuchung laufender Gesch\u00e4ftsvorf\u00e4lle<\/li>\n\n\n\n<li>Kreditoren- \/ Debitorenbuchhaltung<\/li>\n\n\n\n<li>Digitale Belegarchivierung<\/li>\n\n\n\n<li>Allgemeine buchhalterische T\u00e4tigkeiten und Dienstleistungen<\/li>\n\n\n\n<li>\u00dcberwachung Zahlungsverkehr \/ Forderungsmanagement<\/li>\n\n\n\n<li>Ablage Ihrer Buchhaltungsunterlagen und Vorbereitung f\u00fcr Ihren Steuerberater<\/li>\n\n\n\n<li>Fakturierung<\/li>\n\n\n\n<li>Weitere kfm. Dienstleistungen auf Anfrage<\/li>\n<\/ul>\n\n\n\n<p>Ihr &#8222;B\u00fcro nach Ma\u00df&#8220; f\u00fchrt Ihre laufende Finanzbuchhaltung in enger Zusammenarbeit mit Ihrem Steuerberater aus.&nbsp;<\/p>\n\n\n\n<p><strong>Erbracht werden ausschlie\u00dflich Leistungen gem. \u00a7&nbsp;6&nbsp;Nr.&nbsp;3&nbsp;und&nbsp;4&nbsp;des&nbsp;StBerG, ohne Rechts- und Steuerberatung.<\/strong><\/p>\n<\/div><\/div>\n\n<\/div><\/div>\n\n\n<p><\/p>\n\n\n\n<p>Wir selbst arbeiten mit der Software AGENDA. Hier stehen die Anwendungen Buchhaltung, Anlagenverwaltung, Lohn- und Gehalt sowie Auftragsverwaltung und Fakturierung zur Verf\u00fcgung. S\u00e4mtliche Belege werden digitalisiert.<\/p>\n\n\n\n<p>Sparen Sie sich eine eigene Buchhaltungssoftware. Wir integrieren Ihre Buchhaltung als eigenst\u00e4ndigen Mandanten bei uns in AGENDA.&nbsp;Die Datensicherung ist durch eine Cloud \u2013 L\u00f6sung \u00fcber das Rechenzentrum von AGENDA gew\u00e4hrleistet. Vielschichtige Sicherheitsvorkehrungen im zertifizierten Rechenzentrum garantieren den maximalen Schutz Ihrer Daten. AGENDA garantiert eine hohe Rechtssicherheit.<\/p>\n\n\n\n<p>Bei Kunden VOR-ORT arbeiten wir auch mit den firmeneigenen Programmen LEXWARE oder DATEV<\/p>\n","protected":false},"excerpt":{"rendered":"<p>Lfd. Finanzbuchhaltung Ihr &#8222;B\u00fcro nach Ma\u00df&#8220; f\u00fchrt Ihre laufende Finanzbuchhaltung in enger Zusammenarbeit mit Ihrem Steuerberater aus.&nbsp; Erbracht werden ausschlie\u00dflich Leistungen gem. \u00a7&nbsp;6&nbsp;Nr.&nbsp;3&nbsp;und&nbsp;4&nbsp;des&nbsp;StBerG, ohne Rechts- und Steuerberatung. Wir selbst arbeiten mit der Software AGENDA. Hier stehen die Anwendungen Buchhaltung, Anlagenverwaltung, Lohn- und Gehalt sowie Auftragsverwaltung und Fakturierung zur Verf\u00fcgung. S\u00e4mtliche Belege werden digitalisiert. Sparen Sie&#8230;<\/p>\n","protected":false},"author":1,"featured_media":0,"parent":0,"menu_order":7,"comment_status":"closed","ping_status":"closed","template":"","meta":{"_acf_changed":false,"_uag_custom_page_level_css":"","_kad_blocks_custom_css":"","_kad_blocks_head_custom_js":"","_kad_blocks_body_custom_js":"","_kad_blocks_footer_custom_js":"","_kad_post_transparent":"","_kad_post_title":"","_kad_post_layout":"","_kad_post_sidebar_id":"","_kad_post_content_style":"","_kad_post_vertical_padding":"","_kad_post_feature":"","_kad_post_feature_position":"","_kad_post_header":false,"_kad_post_footer":false,"_kad_post_classname":"","footnotes":""},"class_list":["post-134","page","type-page","status-publish","hentry"],"acf":[],"taxonomy_info":[],"featured_image_src_large":false,"author_info":{"display_name":"","author_link":"https:\/\/werthwein-gbr.de\/schreibfuchs\/author\/"},"comment_info":0,"uagb_featured_image_src":{"full":false,"thumbnail":false,"medium":false,"medium_large":false,"large":false,"1536x1536":false,"2048x2048":false,"gform-image-choice-sm":false,"gform-image-choice-md":false,"gform-image-choice-lg":false},"uagb_author_info":{"display_name":"","author_link":"https:\/\/werthwein-gbr.de\/schreibfuchs\/author\/"},"uagb_comment_info":0,"uagb_excerpt":"Lfd. Finanzbuchhaltung Ihr &#8222;B\u00fcro nach Ma\u00df&#8220; f\u00fchrt Ihre laufende Finanzbuchhaltung in enger Zusammenarbeit mit Ihrem Steuerberater aus.&nbsp; Erbracht werden ausschlie\u00dflich Leistungen gem. \u00a7&nbsp;6&nbsp;Nr.&nbsp;3&nbsp;und&nbsp;4&nbsp;des&nbsp;StBerG, ohne Rechts- und Steuerberatung. Wir selbst arbeiten mit der Software AGENDA. Hier stehen die Anwendungen Buchhaltung, Anlagenverwaltung, Lohn- und Gehalt sowie Auftragsverwaltung und Fakturierung zur Verf\u00fcgung. S\u00e4mtliche Belege werden digitalisiert. Sparen Sie...","_links":{"self":[{"href":"https:\/\/werthwein-gbr.de\/schreibfuchs\/wp-json\/wp\/v2\/pages\/134","targetHints":{"allow":["GET"]}}],"collection":[{"href":"https:\/\/werthwein-gbr.de\/schreibfuchs\/wp-json\/wp\/v2\/pages"}],"about":[{"href":"https:\/\/werthwein-gbr.de\/schreibfuchs\/wp-json\/wp\/v2\/types\/page"}],"author":[{"embeddable":true,"href":"https:\/\/werthwein-gbr.de\/schreibfuchs\/wp-json\/wp\/v2\/users\/1"}],"replies":[{"embeddable":true,"href":"https:\/\/werthwein-gbr.de\/schreibfuchs\/wp-json\/wp\/v2\/comments?post=134"}],"version-history":[{"count":1,"href":"https:\/\/werthwein-gbr.de\/schreibfuchs\/wp-json\/wp\/v2\/pages\/134\/revisions"}],"predecessor-version":[{"id":659,"href":"https:\/\/werthwein-gbr.de\/schreibfuchs\/wp-json\/wp\/v2\/pages\/134\/revisions\/659"}],"wp:attachment":[{"href":"https:\/\/werthwein-gbr.de\/schreibfuchs\/wp-json\/wp\/v2\/media?parent=134"}],"curies":[{"name":"wp","href":"https:\/\/api.w.org\/{rel}","templated":true}]}}