{"id":1323,"date":"2022-09-02T14:59:53","date_gmt":"2022-09-02T12:59:53","guid":{"rendered":"https:\/\/werthwein-gbr.de\/creativ-bee\/?post_type=product&#038;p=1323"},"modified":"2022-09-07T19:31:34","modified_gmt":"2022-09-07T17:31:34","slug":"uni-ball-signo-broad-um-153-gelroller","status":"publish","type":"product","link":"https:\/\/werthwein-gbr.de\/creativ-bee\/produkt\/uni-ball-signo-broad-um-153-gelroller\/","title":{"rendered":"uni-ball Signo Broad UM-153 Gelroller"},"content":{"rendered":"<p>Gelroller uni-ball SIGNO UM-153.<\/p>\n<p>Diese drei Gelroller sind einfach wunderbar und vielf\u00e4ltig einsetzbar. Du zauberst mit diesen drei Farben wundersch\u00f6ne Motive auf hellem oder sogar dunklem Papier. Besonders zum Verzieren deines Kunstwerkes ist er sehr gut geeignet. Vollende deine kreative Idee mit sch\u00f6nen Verzierungen. Sogar Steine kannst du mit dem Gelroller von uni-ball verzieren. Schaue\u00a0 hierzu gerne meine &#8222;Schritt-f\u00fcr-Schritt-Anleitung zu Steine bemalten f\u00fcr Anf\u00e4nger&#8220; an.<\/p>\n<p>F\u00fcr die Gestaltung von Karten zu besonderen Anl\u00e4ssen, Tischkarten, Geschenkanh\u00e4nger oder Handlettering absolut empfehlenswert.<\/p>\n<p>Probiere es auch und zeige mir gerne dein gestaltetes Projekt. Ich freue mich darauf \ud83d\ude42<\/p>\n<p>&nbsp;<\/p>\n<p>&nbsp;<\/p>\n","protected":false},"excerpt":{"rendered":"<p style=\"text-align: left\">Strichst\u00e4rke\/Linienst\u00e4rke: 0,6 mm<\/p>\n<p>Ideal f\u00fcr helle, bunte und dunkle Papiere<\/p>\n<p>Besonders gut geeignet f\u00fcr Geschenke, Tisch-, Gru\u00df- und Einladungskarten<\/p>\n<p>Dokumentenecht<\/p>\n<p>Linienbreite broad 0,6 mm f\u00fcr extra breites Schreiben<\/p>\n<p>Kugeldurchmesser 1,0 mm<\/p>\n<p>Nachf\u00fcllbar; Refill-Minen erh\u00e4ltlich<\/p>\n","protected":false},"featured_media":1303,"comment_status":"open","ping_status":"closed","template":"","meta":{"_acf_changed":false,"_uag_custom_page_level_css":"","_kad_blocks_custom_css":"","_kad_blocks_head_custom_js":"","_kad_blocks_body_custom_js":"","_kad_blocks_footer_custom_js":"","_kad_post_transparent":"default","_kad_post_title":"","_kad_post_layout":"default","_kad_post_sidebar_id":"","_kad_post_content_style":"default","_kad_post_vertical_padding":"default","_kad_post_feature":"","_kad_post_feature_position":"","_kad_post_header":false,"_kad_post_footer":false,"_kad_post_classname":""},"product_brand":[],"product_cat":[60,82,88],"product_tag":[],"class_list":{"0":"post-1323","1":"product","2":"type-product","3":"status-publish","4":"has-post-thumbnail","6":"product_cat-neu-im-shop","7":"product_cat-stifte-und-pinsel","8":"product_cat-gelstifte","10":"first","11":"instock","12":"taxable","13":"shipping-taxable","14":"purchasable","15":"product-type-variable","16":"entry","17":"content-bg","18":"loop-entry"},"acf":[],"taxonomy_info":{"product_cat":[{"value":60,"label":"Neu im Shop"},{"value":82,"label":"Stifte und Pinsel"},{"value":88,"label":"Gelstifte"}]},"featured_image_src_large":["https:\/\/werthwein-gbr.de\/creativ-bee\/wp-content\/uploads\/sites\/4\/2022\/08\/478A6742_web.jpg",900,600,false],"author_info":[],"comment_info":0,"uagb_featured_image_src":{"full":["https:\/\/werthwein-gbr.de\/creativ-bee\/wp-content\/uploads\/sites\/4\/2022\/08\/478A6742_web.jpg",900,600,false],"thumbnail":["https:\/\/werthwein-gbr.de\/creativ-bee\/wp-content\/uploads\/sites\/4\/2022\/08\/478A6742_web-150x150.jpg",150,150,true],"medium":["https:\/\/werthwein-gbr.de\/creativ-bee\/wp-content\/uploads\/sites\/4\/2022\/08\/478A6742_web-300x200.jpg",300,200,true],"medium_large":["https:\/\/werthwein-gbr.de\/creativ-bee\/wp-content\/uploads\/sites\/4\/2022\/08\/478A6742_web-768x512.jpg",768,512,true],"large":["https:\/\/werthwein-gbr.de\/creativ-bee\/wp-content\/uploads\/sites\/4\/2022\/08\/478A6742_web.jpg",900,600,false],"1536x1536":["https:\/\/werthwein-gbr.de\/creativ-bee\/wp-content\/uploads\/sites\/4\/2022\/08\/478A6742_web.jpg",900,600,false],"2048x2048":["https:\/\/werthwein-gbr.de\/creativ-bee\/wp-content\/uploads\/sites\/4\/2022\/08\/478A6742_web.jpg",900,600,false],"gform-image-choice-sm":["https:\/\/werthwein-gbr.de\/creativ-bee\/wp-content\/uploads\/sites\/4\/2022\/08\/478A6742_web.jpg",300,200,false],"gform-image-choice-md":["https:\/\/werthwein-gbr.de\/creativ-bee\/wp-content\/uploads\/sites\/4\/2022\/08\/478A6742_web.jpg",400,267,false],"gform-image-choice-lg":["https:\/\/werthwein-gbr.de\/creativ-bee\/wp-content\/uploads\/sites\/4\/2022\/08\/478A6742_web.jpg",600,400,false],"woocommerce_thumbnail":["https:\/\/werthwein-gbr.de\/creativ-bee\/wp-content\/uploads\/sites\/4\/2022\/08\/478A6742_web-600x400.jpg",600,400,true],"woocommerce_single":["https:\/\/werthwein-gbr.de\/creativ-bee\/wp-content\/uploads\/sites\/4\/2022\/08\/478A6742_web-465x465.jpg",465,465,true],"woocommerce_gallery_thumbnail":["https:\/\/werthwein-gbr.de\/creativ-bee\/wp-content\/uploads\/sites\/4\/2022\/08\/478A6742_web-100x100.jpg",100,100,true],"dgwt-wcas-product-suggestion":["https:\/\/werthwein-gbr.de\/creativ-bee\/wp-content\/uploads\/sites\/4\/2022\/08\/478A6742_web-64x43.jpg",64,43,true]},"uagb_author_info":{"display_name":"Sabine Werthwein","author_link":"https:\/\/werthwein-gbr.de\/creativ-bee\/author\/"},"uagb_comment_info":0,"uagb_excerpt":"Strichst\u00e4rke\/Linienst\u00e4rke: 0,6 mm Ideal f\u00fcr helle, bunte und dunkle Papiere Besonders gut geeignet f\u00fcr Geschenke, Tisch-, Gru\u00df- und Einladungskarten Dokumentenecht Linienbreite broad 0,6 mm f\u00fcr extra breites Schreiben Kugeldurchmesser 1,0 mm Nachf\u00fcllbar; Refill-Minen erh\u00e4ltlich","_links":{"self":[{"href":"https:\/\/werthwein-gbr.de\/creativ-bee\/wp-json\/wp\/v2\/product\/1323","targetHints":{"allow":["GET"]}}],"collection":[{"href":"https:\/\/werthwein-gbr.de\/creativ-bee\/wp-json\/wp\/v2\/product"}],"about":[{"href":"https:\/\/werthwein-gbr.de\/creativ-bee\/wp-json\/wp\/v2\/types\/product"}],"replies":[{"embeddable":true,"href":"https:\/\/werthwein-gbr.de\/creativ-bee\/wp-json\/wp\/v2\/comments?post=1323"}],"wp:featuredmedia":[{"embeddable":true,"href":"https:\/\/werthwein-gbr.de\/creativ-bee\/wp-json\/wp\/v2\/media\/1303"}],"wp:attachment":[{"href":"https:\/\/werthwein-gbr.de\/creativ-bee\/wp-json\/wp\/v2\/media?parent=1323"}],"wp:term":[{"taxonomy":"product_brand","embeddable":true,"href":"https:\/\/werthwein-gbr.de\/creativ-bee\/wp-json\/wp\/v2\/product_brand?post=1323"},{"taxonomy":"product_cat","embeddable":true,"href":"https:\/\/werthwein-gbr.de\/creativ-bee\/wp-json\/wp\/v2\/product_cat?post=1323"},{"taxonomy":"product_tag","embeddable":true,"href":"https:\/\/werthwein-gbr.de\/creativ-bee\/wp-json\/wp\/v2\/product_tag?post=1323"}],"curies":[{"name":"wp","href":"https:\/\/api.w.org\/{rel}","templated":true}]}}