{"id":476,"date":"2022-03-12T18:42:04","date_gmt":"2022-03-12T17:42:04","guid":{"rendered":"https:\/\/webentwicklung-hess.com\/werthwein-2022\/creativ-bee\/?page_id=476"},"modified":"2022-05-09T15:33:46","modified_gmt":"2022-05-09T13:33:46","slug":"%ef%bf%bcueber-uns-creative-bee","status":"publish","type":"page","link":"https:\/\/werthwein-gbr.de\/creativ-bee\/%ef%bf%bcueber-uns-creative-bee\/","title":{"rendered":"\u00dcber uns Creative Bee"},"content":{"rendered":"\n<p><\/p>\n\n\n<style>#kt-layout-id_9dfca6-14 > .kt-row-column-wrap{align-content:start;}:where(#kt-layout-id_9dfca6-14 > .kt-row-column-wrap) > .wp-block-kadence-column{justify-content:start;}#kt-layout-id_9dfca6-14 > .kt-row-column-wrap{column-gap:var(--global-kb-gap-md, 2rem);row-gap:var(--global-kb-gap-md, 2rem);padding-top:var( --global-kb-row-default-top, 25px );padding-bottom:var( --global-kb-row-default-bottom, 25px );padding-top:var(--global-kb-spacing-sm, 1.5rem);padding-bottom:var(--global-kb-spacing-sm, 1.5rem);grid-template-columns:minmax(0, 1fr);}#kt-layout-id_9dfca6-14 > .kt-row-layout-overlay{opacity:0.30;}@media all and (max-width: 1024px){#kt-layout-id_9dfca6-14 > .kt-row-column-wrap{grid-template-columns:minmax(0, 1fr);}}@media all and (max-width: 767px){#kt-layout-id_9dfca6-14 > .kt-row-column-wrap{grid-template-columns:minmax(0, 1fr);}}<\/style>\n<div class=\"wp-block-kadence-rowlayout alignnone\"><div id=\"kt-layout-id_9dfca6-14\" class=\"kt-row-layout-inner kt-layout-id_9dfca6-14\"><div class=\"kt-row-column-wrap kt-has-1-columns kt-gutter-default kt-v-gutter-default kt-row-valign-top kt-row-layout-equal kt-tab-layout-inherit kt-m-colapse-left-to-right kt-mobile-layout-row\"><style>.kadence-column_e2e5d3-ea > .kt-inside-inner-col{border-top-width:0px;border-right-width:0px;border-bottom-width:0px;border-left-width:0px;}.kadence-column_e2e5d3-ea > .kt-inside-inner-col,.kadence-column_e2e5d3-ea > .kt-inside-inner-col:before{border-top-left-radius:0px;border-top-right-radius:0px;border-bottom-right-radius:0px;border-bottom-left-radius:0px;}.kadence-column_e2e5d3-ea > .kt-inside-inner-col{column-gap:var(--global-kb-gap-sm, 1rem);}.kadence-column_e2e5d3-ea > .kt-inside-inner-col{flex-direction:column;}.kadence-column_e2e5d3-ea > .kt-inside-inner-col > .aligncenter{width:100%;}.kadence-column_e2e5d3-ea > .kt-inside-inner-col:before{opacity:0.3;}.kadence-column_e2e5d3-ea{position:relative;}@media all and (max-width: 1024px){.kadence-column_e2e5d3-ea > .kt-inside-inner-col{flex-direction:column;justify-content:center;}}@media all and (max-width: 767px){.kadence-column_e2e5d3-ea > .kt-inside-inner-col{flex-direction:column;justify-content:center;}}<\/style>\n<div class=\"wp-block-kadence-column inner-column-1 kadence-column_e2e5d3-ea\"><div class=\"kt-inside-inner-col\">\n<p><strong>PERFEKT ist UNPERFEKT<\/strong><\/p>\n\n\n<style>.wp-block-kadence-advancedheading.kt-adv-heading_5a2d0b-8a2, .wp-block-kadence-advancedheading.kt-adv-heading_5a2d0b-8a2[data-kb-block=\"kb-adv-heading_5a2d0b-8a2\"]{font-style:normal;}.wp-block-kadence-advancedheading.kt-adv-heading_5a2d0b-8a2 mark.kt-highlight, .wp-block-kadence-advancedheading.kt-adv-heading_5a2d0b-8a2[data-kb-block=\"kb-adv-heading_5a2d0b-8a2\"] mark.kt-highlight{font-style:normal;color:#f76a0c;-webkit-box-decoration-break:clone;box-decoration-break:clone;padding-top:0px;padding-right:0px;padding-bottom:0px;padding-left:0px;}.wp-block-kadence-advancedheading.kt-adv-heading_5a2d0b-8a2 img.kb-inline-image, .wp-block-kadence-advancedheading.kt-adv-heading_5a2d0b-8a2[data-kb-block=\"kb-adv-heading_5a2d0b-8a2\"] img.kb-inline-image{width:150px;vertical-align:baseline;}<\/style>\n<p class=\"kt-adv-heading_5a2d0b-8a2 wp-block-kadence-advancedheading\" data-kb-block=\"kb-adv-heading_5a2d0b-8a2\">Als Gegenst\u00fcck zum immer perfekten B\u00fcroalltag habe ich mich entschlossen, meine kreative Ader umzusetzen.<br>Bereits in Kindheitstagen haben mich Farben, Stifte und Papiere fasziniert. Das eigene Gestalten von \u201eEtwas\u201c war f\u00fcr mich schon immer Besonders.&nbsp;Es zu ZEIGEN? Daran scheiterte ich. Ich fand meine Werke nicht PERFEKT. Es war ein Prozess, diese Komfortzone zu verlassen.<\/p>\n\n\n\n<p><strong>Meine Gedankenreise:<\/strong><\/p>\n\n\n\n<p>Warum soll im Leben alles PERFEKT sein? Wer gibt vor, dass es PERFEKT sein soll?<br>Was hei\u00dft eigentlich PERFEKT?<br>Diese Fragen stellte ich mir immer wieder und diskutierte diese mit meinem Mann.<\/p>\n\n\n\n<p>Wir stie\u00dfen auf den japanischen Begriff&nbsp;<strong>KAIZEN<\/strong>. Es setzt sich zusammen aus&nbsp;<strong>KAI<\/strong>&nbsp;= Ver\u00e4nderung \/ Wandel und&nbsp;<strong>ZEN<\/strong>= zum Besseren. Kaizen ist keine Methode oder ein Werkzeug, welches wir anwenden k\u00f6nnen, sondern vielmehr eine Haltung und eine Denkweise.<\/p>\n\n\n\n<p><strong>Haltung und Denkweise:<\/strong>&nbsp;Diese Methode habe ich f\u00fcr mich umgesetzt und zeige Haltung gegen\u00fcber meinen Werken und denke nicht mehr dar\u00fcber nach; Wie finden andere das, was ich erstellt habe?<\/p>\n\n\n\n<p>Was nicht bedeutet, dass wenn ich zeige, was ich gestaltet habe und mein Gegen\u00fcber sagt, das ist toll geworden, ich pers\u00f6nlich h\u00e4tte noch eine erg\u00e4nzende Idee, dass ich das nicht annehmen kann. Ich sehe es nicht mehr als negative Kritik an, sondern als eine Botschaft: Du kannst noch was ver\u00e4ndern.<\/p>\n\n\n\n<p>Letztendlich muss es f\u00fcr Dich passend sein.<\/p>\n\n\n\n<p>Ergo ist UNPERFEKT doch PERFEKT in Deiner Pers\u00f6nlichkeit.<\/p>\n\n\n\n<p><strong>Meine Reise nimmt Dich mit in die Welt von:<\/strong><\/p>\n\n\n\n<ul class=\"wp-block-list\"><li><a>Flatlays erstellen<\/a><\/li><li>Sketchnotes zeichnen analog und digital<\/li><li>Handlettering analog und digital<\/li><li>Aquarell malen<\/li><li>Gestaltung von Karten zu bestimmten Anl\u00e4ssen<\/li><li>Gestaltung von Fotografie und Fotob\u00fccher<\/li><li>Plotten mit CRICUT Maker und CRICUT JOY<\/li><\/ul>\n\n\n\n<p>In meinem BLOG erfahrt ihr alles N\u00fctzliche \u00fcber Material, Technik und meinen Onlineshop.<\/p>\n<\/div><\/div>\n<\/div><\/div><\/div>\n","protected":false},"excerpt":{"rendered":"<p>PERFEKT ist UNPERFEKT Als Gegenst\u00fcck zum immer perfekten B\u00fcroalltag habe ich mich entschlossen, meine kreative Ader umzusetzen.Bereits in Kindheitstagen haben mich Farben, Stifte und Papiere fasziniert. Das eigene Gestalten von \u201eEtwas\u201c war f\u00fcr mich schon immer Besonders.&nbsp;Es zu ZEIGEN? Daran scheiterte ich. Ich fand meine Werke nicht PERFEKT. Es war ein Prozess, diese Komfortzone zu&#8230;<\/p>\n","protected":false},"author":1,"featured_media":0,"parent":0,"menu_order":6,"comment_status":"closed","ping_status":"closed","template":"","meta":{"_acf_changed":false,"_uag_custom_page_level_css":"","_kad_blocks_custom_css":"","_kad_blocks_head_custom_js":"","_kad_blocks_body_custom_js":"","_kad_blocks_footer_custom_js":"","_kad_post_transparent":"","_kad_post_title":"","_kad_post_layout":"","_kad_post_sidebar_id":"","_kad_post_content_style":"","_kad_post_vertical_padding":"","_kad_post_feature":"","_kad_post_feature_position":"","_kad_post_header":false,"_kad_post_footer":false,"_kad_post_classname":"","footnotes":""},"class_list":["post-476","page","type-page","status-publish","hentry"],"acf":[],"taxonomy_info":[],"featured_image_src_large":false,"author_info":{"display_name":"","author_link":"https:\/\/werthwein-gbr.de\/creativ-bee\/author\/"},"comment_info":0,"uagb_featured_image_src":{"full":false,"thumbnail":false,"medium":false,"medium_large":false,"large":false,"1536x1536":false,"2048x2048":false,"gform-image-choice-sm":false,"gform-image-choice-md":false,"gform-image-choice-lg":false,"woocommerce_thumbnail":false,"woocommerce_single":false,"woocommerce_gallery_thumbnail":false,"dgwt-wcas-product-suggestion":false},"uagb_author_info":{"display_name":"","author_link":"https:\/\/werthwein-gbr.de\/creativ-bee\/author\/"},"uagb_comment_info":0,"uagb_excerpt":"PERFEKT ist UNPERFEKT Als Gegenst\u00fcck zum immer perfekten B\u00fcroalltag habe ich mich entschlossen, meine kreative Ader umzusetzen.Bereits in Kindheitstagen haben mich Farben, Stifte und Papiere fasziniert. Das eigene Gestalten von \u201eEtwas\u201c war f\u00fcr mich schon immer Besonders.&nbsp;Es zu ZEIGEN? Daran scheiterte ich. Ich fand meine Werke nicht PERFEKT. Es war ein Prozess, diese Komfortzone zu...","_links":{"self":[{"href":"https:\/\/werthwein-gbr.de\/creativ-bee\/wp-json\/wp\/v2\/pages\/476","targetHints":{"allow":["GET"]}}],"collection":[{"href":"https:\/\/werthwein-gbr.de\/creativ-bee\/wp-json\/wp\/v2\/pages"}],"about":[{"href":"https:\/\/werthwein-gbr.de\/creativ-bee\/wp-json\/wp\/v2\/types\/page"}],"author":[{"embeddable":true,"href":"https:\/\/werthwein-gbr.de\/creativ-bee\/wp-json\/wp\/v2\/users\/1"}],"replies":[{"embeddable":true,"href":"https:\/\/werthwein-gbr.de\/creativ-bee\/wp-json\/wp\/v2\/comments?post=476"}],"version-history":[{"count":7,"href":"https:\/\/werthwein-gbr.de\/creativ-bee\/wp-json\/wp\/v2\/pages\/476\/revisions"}],"predecessor-version":[{"id":668,"href":"https:\/\/werthwein-gbr.de\/creativ-bee\/wp-json\/wp\/v2\/pages\/476\/revisions\/668"}],"wp:attachment":[{"href":"https:\/\/werthwein-gbr.de\/creativ-bee\/wp-json\/wp\/v2\/media?parent=476"}],"curies":[{"name":"wp","href":"https:\/\/api.w.org\/{rel}","templated":true}]}}