{"id":22,"date":"2022-02-22T14:51:13","date_gmt":"2022-02-22T13:51:13","guid":{"rendered":"https:\/\/webentwicklung-hess.com\/werthwein-2022\/creativ-bee\/zahlungsweisen\/"},"modified":"2022-09-14T13:18:05","modified_gmt":"2022-09-14T11:18:05","slug":"zahlungsweisen","status":"publish","type":"page","link":"https:\/\/werthwein-gbr.de\/creativ-bee\/zahlungsweisen\/","title":{"rendered":"Zahlungsweisen"},"content":{"rendered":"<style>#kt-layout-id_c919f2-eb > .kt-row-column-wrap{align-content:start;}:where(#kt-layout-id_c919f2-eb > .kt-row-column-wrap) > .wp-block-kadence-column{justify-content:start;}#kt-layout-id_c919f2-eb > .kt-row-column-wrap{column-gap:var(--global-kb-gap-md, 2rem);row-gap:var(--global-kb-gap-md, 2rem);padding-top:var( --global-kb-row-default-top, 25px );padding-bottom:var( --global-kb-row-default-bottom, 25px );padding-top:var(--global-kb-spacing-sm, 1.5rem);padding-bottom:var(--global-kb-spacing-sm, 1.5rem);grid-template-columns:minmax(0, 1fr);}#kt-layout-id_c919f2-eb > .kt-row-layout-overlay{opacity:0.30;}@media all and (max-width: 1024px){#kt-layout-id_c919f2-eb > .kt-row-column-wrap{grid-template-columns:minmax(0, 1fr);}}@media all and (max-width: 767px){#kt-layout-id_c919f2-eb > .kt-row-column-wrap{grid-template-columns:minmax(0, 1fr);}}<\/style>\n<div class=\"wp-block-kadence-rowlayout alignnone\"><div id=\"kt-layout-id_c919f2-eb\" class=\"kt-row-layout-inner kt-layout-id_c919f2-eb\"><div class=\"kt-row-column-wrap kt-has-1-columns kt-gutter-default kt-v-gutter-default kt-row-valign-top kt-row-layout-equal kt-tab-layout-inherit kt-m-colapse-left-to-right kt-mobile-layout-row\"><style>.kadence-column_ca83f2-62 > .kt-inside-inner-col{border-top-width:0px;border-right-width:0px;border-bottom-width:0px;border-left-width:0px;}.kadence-column_ca83f2-62 > .kt-inside-inner-col,.kadence-column_ca83f2-62 > .kt-inside-inner-col:before{border-top-left-radius:0px;border-top-right-radius:0px;border-bottom-right-radius:0px;border-bottom-left-radius:0px;}.kadence-column_ca83f2-62 > .kt-inside-inner-col{column-gap:var(--global-kb-gap-sm, 1rem);}.kadence-column_ca83f2-62 > .kt-inside-inner-col{flex-direction:column;}.kadence-column_ca83f2-62 > .kt-inside-inner-col > .aligncenter{width:100%;}.kadence-column_ca83f2-62 > .kt-inside-inner-col:before{opacity:0.3;}.kadence-column_ca83f2-62{position:relative;}@media all and (max-width: 1024px){.kadence-column_ca83f2-62 > .kt-inside-inner-col{flex-direction:column;justify-content:center;}}@media all and (max-width: 767px){.kadence-column_ca83f2-62 > .kt-inside-inner-col{flex-direction:column;justify-content:center;}}<\/style>\n<div class=\"wp-block-kadence-column inner-column-1 kadence-column_ca83f2-62\"><div class=\"kt-inside-inner-col\">\n<p><strong>Zahlungsarten<\/strong><\/p>\n\n\n\n<p>Wir bieten Ihnen folgende Zahlungsarten an:<\/p>\n\n\n\n<p><strong>\u00dcberweisung<\/strong><br>Sie erhalten nach Bestellung eine Rechnung. Bitte \u00fcberweisen Sie den dort angegebenen Endbetrag ohne Abzug.<\/p>\n\n\n\n<p><strong>Lastschrift<\/strong><br>Wir ziehen den Rechnungsbetrag Ihrer Bestellung bequem von Ihrem hinterlegten Bankkonto nach der get\u00e4tigten Bestellung ein.<\/p>\n\n\n\n<p><strong>Auf Rechnung<\/strong><br>F\u00fcr Bestandskunden, \u00f6ffentliche Einrichtungen oder Firmenkunden bieten wir nach Absprache \u201eKauf auf Rechnung\u201c an. Bitte fragen Sie uns!<\/p>\n\n\n\n<p><strong>PayPal<\/strong><br>Noch schneller und sicherer bezahlen mit Ihrem PayPal-Konto.<\/p>\n\n\n\n<p><strong>Vorkasse<\/strong><br>Bitte \u00fcberweisen Sie den Gesamtbetrag Ihrer Bestellung auf unser Konto:<\/p>\n\n\n\n<p><strong>Kontoinhaber<\/strong>: Sabine u. Andreas W. Werthwein GbR<br><strong>Kontonummer<\/strong>: 1758447<br><strong>BLZ:<\/strong>&nbsp;62250030<br><strong>Kreditinstitut:<\/strong>&nbsp;Sparkasse Schw\u00e4bisch Hall-Crailsheim<br><strong>BIC:<\/strong>&nbsp;SOLADES1SHA<br><strong>IBAN:<\/strong>&nbsp;DE75 6225 0030 0001 758447<\/p>\n\n\n\n<p><\/p>\n\n\n\n<p><strong>Barzahlung bei Abholung vor Ort<\/strong><br>Nur bei Abholung von der Abholadresse m\u00f6glich!<\/p>\n\n\n\n<p>Die in den jeweiligen Angeboten angef\u00fchrten Preise stellen Endpreise dar. Sie beinhalten alle Preisbestandteile einschlie\u00dflich etwaig anfallender Steuern wie Mehrwertsteuer. Nur bei grenz\u00fcberschreitender Lieferung k\u00f6nnen im Einzelfall weitere Steuern (z.B. im Falle eines innergemeinschaftlichen Erwerbs) und\/oder Abgaben (z.B. Z\u00f6lle) von Ihnen zu zahlen sein, jedoch nicht an den Verk\u00e4ufer, sondern an die dort zust\u00e4ndigen Zoll- bzw. Steuerbeh\u00f6rden. Die anfallenden Liefer- und Versandkosten sind nicht im Kaufpreis enthalten, sie sind \u00fcber die Seite \u201e<strong><a href=\"https:\/\/werthwein-gbr.de\/creativ-bee\/versand__lieferung\/\">Versand- und Lieferung<\/a><\/strong>\u201c aufrufbar, werden im Laufe des Bestellvorganges gesondert ausgewiesen und sind von Ihnen zus\u00e4tzlich zu tragen.<\/p>\n<\/div><\/div>\n<\/div><\/div><\/div>\n","protected":false},"excerpt":{"rendered":"<p>Zahlungsarten Wir bieten Ihnen folgende Zahlungsarten an: \u00dcberweisungSie erhalten nach Bestellung eine Rechnung. Bitte \u00fcberweisen Sie den dort angegebenen Endbetrag ohne Abzug. LastschriftWir ziehen den Rechnungsbetrag Ihrer Bestellung bequem von Ihrem hinterlegten Bankkonto nach der get\u00e4tigten Bestellung ein. Auf RechnungF\u00fcr Bestandskunden, \u00f6ffentliche Einrichtungen oder Firmenkunden bieten wir nach Absprache \u201eKauf auf Rechnung\u201c an. Bitte fragen&#8230;<\/p>\n","protected":false},"author":1,"featured_media":0,"parent":0,"menu_order":19,"comment_status":"closed","ping_status":"closed","template":"","meta":{"_acf_changed":false,"_uag_custom_page_level_css":"","_kad_blocks_custom_css":"","_kad_blocks_head_custom_js":"","_kad_blocks_body_custom_js":"","_kad_blocks_footer_custom_js":"","_kad_post_transparent":"","_kad_post_title":"","_kad_post_layout":"","_kad_post_sidebar_id":"","_kad_post_content_style":"","_kad_post_vertical_padding":"","_kad_post_feature":"","_kad_post_feature_position":"","_kad_post_header":false,"_kad_post_footer":false,"_kad_post_classname":"","footnotes":""},"class_list":["post-22","page","type-page","status-publish","hentry"],"acf":[],"taxonomy_info":[],"featured_image_src_large":false,"author_info":{"display_name":"","author_link":"https:\/\/werthwein-gbr.de\/creativ-bee\/author\/"},"comment_info":0,"uagb_featured_image_src":{"full":false,"thumbnail":false,"medium":false,"medium_large":false,"large":false,"1536x1536":false,"2048x2048":false,"gform-image-choice-sm":false,"gform-image-choice-md":false,"gform-image-choice-lg":false,"woocommerce_thumbnail":false,"woocommerce_single":false,"woocommerce_gallery_thumbnail":false,"dgwt-wcas-product-suggestion":false},"uagb_author_info":{"display_name":"","author_link":"https:\/\/werthwein-gbr.de\/creativ-bee\/author\/"},"uagb_comment_info":0,"uagb_excerpt":"Zahlungsarten Wir bieten Ihnen folgende Zahlungsarten an: \u00dcberweisungSie erhalten nach Bestellung eine Rechnung. Bitte \u00fcberweisen Sie den dort angegebenen Endbetrag ohne Abzug. LastschriftWir ziehen den Rechnungsbetrag Ihrer Bestellung bequem von Ihrem hinterlegten Bankkonto nach der get\u00e4tigten Bestellung ein. Auf RechnungF\u00fcr Bestandskunden, \u00f6ffentliche Einrichtungen oder Firmenkunden bieten wir nach Absprache \u201eKauf auf Rechnung\u201c an. Bitte fragen...","_links":{"self":[{"href":"https:\/\/werthwein-gbr.de\/creativ-bee\/wp-json\/wp\/v2\/pages\/22","targetHints":{"allow":["GET"]}}],"collection":[{"href":"https:\/\/werthwein-gbr.de\/creativ-bee\/wp-json\/wp\/v2\/pages"}],"about":[{"href":"https:\/\/werthwein-gbr.de\/creativ-bee\/wp-json\/wp\/v2\/types\/page"}],"author":[{"embeddable":true,"href":"https:\/\/werthwein-gbr.de\/creativ-bee\/wp-json\/wp\/v2\/users\/1"}],"replies":[{"embeddable":true,"href":"https:\/\/werthwein-gbr.de\/creativ-bee\/wp-json\/wp\/v2\/comments?post=22"}],"version-history":[{"count":4,"href":"https:\/\/werthwein-gbr.de\/creativ-bee\/wp-json\/wp\/v2\/pages\/22\/revisions"}],"predecessor-version":[{"id":1391,"href":"https:\/\/werthwein-gbr.de\/creativ-bee\/wp-json\/wp\/v2\/pages\/22\/revisions\/1391"}],"wp:attachment":[{"href":"https:\/\/werthwein-gbr.de\/creativ-bee\/wp-json\/wp\/v2\/media?parent=22"}],"curies":[{"name":"wp","href":"https:\/\/api.w.org\/{rel}","templated":true}]}}